{"id":15,"date":"2023-07-11T20:08:26","date_gmt":"2023-07-11T20:08:26","guid":{"rendered":"https:\/\/acf.hr\/?page_id=15"},"modified":"2023-11-17T13:45:14","modified_gmt":"2023-11-17T13:45:14","slug":"financiranje","status":"publish","type":"page","link":"https:\/\/acf.hr\/en\/financiranje\/","title":{"rendered":"Financing"},"content":{"rendered":"<div data-elementor-type=\"wp-page\" data-elementor-id=\"15\" class=\"elementor elementor-15\" data-elementor-post-type=\"page\">\n\t\t\t\t<div class=\"elementor-element elementor-element-9a2c9d0 e-flex e-con-boxed e-con e-parent\" data-id=\"9a2c9d0\" data-element_type=\"container\" data-settings=\"{&quot;background_background&quot;:&quot;classic&quot;}\">\n\t\t\t\t\t<div class=\"e-con-inner\">\n\t\t\t\t<div class=\"elementor-element elementor-element-de2910d elementor-widget__width-initial elementor-widget elementor-widget-heading\" data-id=\"de2910d\" data-element_type=\"widget\" data-widget_type=\"heading.default\">\n\t\t\t\t<div class=\"elementor-widget-container\">\n\t\t\t\t\t<h1 class=\"elementor-heading-title elementor-size-default\">Financing<\/h1>\t\t\t\t<\/div>\n\t\t\t\t<\/div>\n\t\t\t\t\t<\/div>\n\t\t\t\t<\/div>\n\t\t<div class=\"elementor-element elementor-element-1936b73 e-flex e-con-boxed e-con e-parent\" data-id=\"1936b73\" data-element_type=\"container\">\n\t\t\t\t\t<div class=\"e-con-inner\">\n\t\t\t\t<div class=\"elementor-element elementor-element-6d3fb15 elementor-widget-divider--view-line elementor-widget elementor-widget-divider\" data-id=\"6d3fb15\" data-element_type=\"widget\" data-widget_type=\"divider.default\">\n\t\t\t\t<div class=\"elementor-widget-container\">\n\t\t\t\t\t\t\t<div class=\"elementor-divider\">\n\t\t\t<span class=\"elementor-divider-separator\">\n\t\t\t\t\t\t<\/span>\n\t\t<\/div>\n\t\t\t\t\t\t<\/div>\n\t\t\t\t<\/div>\n\t\t\t\t<div class=\"elementor-element elementor-element-2035a24 elementor-widget elementor-widget-heading\" data-id=\"2035a24\" data-element_type=\"widget\" data-widget_type=\"heading.default\">\n\t\t\t\t<div class=\"elementor-widget-container\">\n\t\t\t\t\t<h2 class=\"elementor-heading-title elementor-size-default\">Support in the Financing Process<\/h2>\t\t\t\t<\/div>\n\t\t\t\t<\/div>\n\t\t\t\t<div class=\"elementor-element elementor-element-5e1b677 elementor-widget elementor-widget-text-editor\" data-id=\"5e1b677\" data-element_type=\"widget\" data-widget_type=\"text-editor.default\">\n\t\t\t\t<div class=\"elementor-widget-container\">\n\t\t\t\t\t\t\t\t\t<p>Debt financing enables business operations and growth, but it can also become a burden. When managing financing, there are several important aspects to consider:<\/p><ol><li>Level of Indebtedness \u2013 Depending on the industry in which the company operates and its business performance<\/li><li>Repayment Capacity \u2013 in debt structuring, it is essential to consider the ability to repay the agreed-upon financial arrangements within the integrated business plan, taking into account business risks<\/li><li>Financing Terms \u2013 Various financing products come with associated costs and other terms that need to be negotiated appropriately with financial institutions.<\/li><\/ol><div>\u00a0<\/div><p>We provide support in both debt and equity financing. We tailor debt structuring or recapitalization to align with your business model, the nature of operations, and the appropriate balance sheet structure. We engage in negotiations with banks and other financial and strategic investors to optimize financing costs and other economic terms.\u00a0<span style=\"font-family: var( --e-global-typography-text-font-family ), Sans-serif; font-size: var( --e-global-typography-text-font-size ); font-weight: var( --e-global-typography-text-font-weight ); text-align: var(--text-align);\">In the Financing segment, we offer the following services:<\/span><\/p>\t\t\t\t\t\t\t\t<\/div>\n\t\t\t\t<\/div>\n\t\t\t\t\t<\/div>\n\t\t\t\t<\/div>\n\t\t<div class=\"elementor-element elementor-element-42fdee8 e-flex e-con-boxed e-con e-parent\" data-id=\"42fdee8\" data-element_type=\"container\" data-settings=\"{&quot;background_background&quot;:&quot;classic&quot;}\">\n\t\t\t\t\t<div class=\"e-con-inner\">\n\t\t<div class=\"elementor-element elementor-element-f2785bc e-flex e-con-boxed e-con e-child\" data-id=\"f2785bc\" data-element_type=\"container\" data-settings=\"{&quot;background_background&quot;:&quot;classic&quot;}\">\n\t\t\t\t\t<div class=\"e-con-inner\">\n\t\t\t\t<div class=\"elementor-element elementor-element-c4bc3e5 elementor-widget elementor-widget-heading\" data-id=\"c4bc3e5\" data-element_type=\"widget\" data-widget_type=\"heading.default\">\n\t\t\t\t<div class=\"elementor-widget-container\">\n\t\t\t\t\t<h2 class=\"elementor-heading-title elementor-size-default\">Financing<\/h2>\t\t\t\t<\/div>\n\t\t\t\t<\/div>\n\t\t\t\t<div class=\"elementor-element elementor-element-f258513 elementor-widget elementor-widget-text-editor\" data-id=\"f258513\" data-element_type=\"widget\" data-widget_type=\"text-editor.default\">\n\t\t\t\t<div class=\"elementor-widget-container\">\n\t\t\t\t\t\t\t\t\t<ul><li>Determining credit potential and preparing an integrated business plan.<\/li><li>Strukturiranje financiranja (ro\u010dna i valutna struktura, struktura bilance).<\/li><li>Negotiations with financial institutions.<\/li><\/ul>\t\t\t\t\t\t\t\t<\/div>\n\t\t\t\t<\/div>\n\t\t\t\t\t<\/div>\n\t\t\t\t<\/div>\n\t\t<div class=\"elementor-element elementor-element-9b998a7 e-flex e-con-boxed e-con e-child\" data-id=\"9b998a7\" data-element_type=\"container\" data-settings=\"{&quot;background_background&quot;:&quot;classic&quot;}\">\n\t\t\t\t\t<div class=\"e-con-inner\">\n\t\t\t\t<div class=\"elementor-element elementor-element-575ab30 elementor-widget elementor-widget-heading\" data-id=\"575ab30\" data-element_type=\"widget\" data-widget_type=\"heading.default\">\n\t\t\t\t<div class=\"elementor-widget-container\">\n\t\t\t\t\t<h2 class=\"elementor-heading-title elementor-size-default\">Liquidity Management<\/h2>\t\t\t\t<\/div>\n\t\t\t\t<\/div>\n\t\t\t\t<div class=\"elementor-element elementor-element-6a24434 elementor-widget elementor-widget-text-editor\" data-id=\"6a24434\" data-element_type=\"widget\" data-widget_type=\"text-editor.default\">\n\t\t\t\t<div class=\"elementor-widget-container\">\n\t\t\t\t\t\t\t\t\t<ul style=\"font-size: 20px; background-color: #ffffff;\"><li style=\"font-size: 20px;\">Development of a Liquidity Plan as part of the Integrated Business Plan.<\/li><li style=\"font-size: 20px;\">Negotiations with suppliers and financial institutions.<\/li><li style=\"font-size: 20px;\">Determining short-term cash flow and liquidity management.<\/li><\/ul>\t\t\t\t\t\t\t\t<\/div>\n\t\t\t\t<\/div>\n\t\t\t\t\t<\/div>\n\t\t\t\t<\/div>\n\t\t<div class=\"elementor-element elementor-element-bd5e0f1 e-flex e-con-boxed e-con e-child\" data-id=\"bd5e0f1\" data-element_type=\"container\" data-settings=\"{&quot;background_background&quot;:&quot;classic&quot;}\">\n\t\t\t\t\t<div class=\"e-con-inner\">\n\t\t\t\t<div class=\"elementor-element elementor-element-731c86e elementor-widget elementor-widget-heading\" data-id=\"731c86e\" data-element_type=\"widget\" data-widget_type=\"heading.default\">\n\t\t\t\t<div class=\"elementor-widget-container\">\n\t\t\t\t\t<h2 class=\"elementor-heading-title elementor-size-default\">Capital Increase<\/h2>\t\t\t\t<\/div>\n\t\t\t\t<\/div>\n\t\t\t\t<div class=\"elementor-element elementor-element-eca769e elementor-widget elementor-widget-text-editor\" data-id=\"eca769e\" data-element_type=\"widget\" data-widget_type=\"text-editor.default\">\n\t\t\t\t<div class=\"elementor-widget-container\">\n\t\t\t\t\t\t\t\t\t<ul>\n<li>Fundraising<\/li>\n<li>Priprema i vo\u0111enje procesa prikupljanja kapitala.<\/li>\n<li>Priprema svih potrebnih transakcijskih dokumenata za provo\u0111enje postupka prikupljanja kapitala.<\/li>\n<li>Negotiations with investors<\/li>\n<\/ul>\t\t\t\t\t\t\t\t<\/div>\n\t\t\t\t<\/div>\n\t\t\t\t\t<\/div>\n\t\t\t\t<\/div>\n\t\t\t\t\t<\/div>\n\t\t\t\t<\/div>\n\t\t<div class=\"elementor-element elementor-element-0c528e4 e-flex e-con-boxed e-con e-parent\" data-id=\"0c528e4\" data-element_type=\"container\" data-settings=\"{&quot;background_background&quot;:&quot;classic&quot;}\">\n\t\t\t\t\t<div class=\"e-con-inner\">\n\t\t\t\t\t<\/div>\n\t\t\t\t<\/div>\n\t\t<div class=\"elementor-element elementor-element-05d85c8 e-flex e-con-boxed e-con e-parent\" data-id=\"05d85c8\" data-element_type=\"container\">\n\t\t\t\t\t<div class=\"e-con-inner\">\n\t\t\t\t<div class=\"elementor-element elementor-element-87e9d5d elementor-widget-divider--view-line elementor-widget elementor-widget-divider\" data-id=\"87e9d5d\" data-element_type=\"widget\" data-widget_type=\"divider.default\">\n\t\t\t\t<div class=\"elementor-widget-container\">\n\t\t\t\t\t\t\t<div class=\"elementor-divider\">\n\t\t\t<span class=\"elementor-divider-separator\">\n\t\t\t\t\t\t<\/span>\n\t\t<\/div>\n\t\t\t\t\t\t<\/div>\n\t\t\t\t<\/div>\n\t\t\t\t<div class=\"elementor-element elementor-element-5ae40d2 elementor-widget elementor-widget-text-editor\" data-id=\"5ae40d2\" data-element_type=\"widget\" data-widget_type=\"text-editor.default\">\n\t\t\t\t<div class=\"elementor-widget-container\">\n\t\t\t\t\t\t\t\t\t<p>We provide financing services by accurately identifying the objective, applying our knowledge and experience from similar projects, and utilizing a comprehensive approach to find a solution. We prepare the necessary documentation and offer support in negotiations with banks, financial institutions, and strategic investors.<\/p><p>\u00a0<\/p><p>We manage all projects on a 'turnkey' basis, overseeing the process from initial preparatory analysis, data collection in collaboration with accounting, preparation of the credit application, review of commercial terms from the offer, and credit\/financing\/capital increase agreement, to negotiations with financial institutions or investors, culminating in the conclusion of the transaction.<\/p>\t\t\t\t\t\t\t\t<\/div>\n\t\t\t\t<\/div>\n\t\t\t\t\t<\/div>\n\t\t\t\t<\/div>\n\t\t<div class=\"elementor-element elementor-element-160b2a2 e-flex e-con-boxed e-con e-parent\" data-id=\"160b2a2\" data-element_type=\"container\">\n\t\t\t\t\t<div class=\"e-con-inner\">\n\t\t\t\t<div class=\"elementor-element elementor-element-214c1df elementor-align-center elementor-widget elementor-widget-button\" data-id=\"214c1df\" data-element_type=\"widget\" data-widget_type=\"button.default\">\n\t\t\t\t<div class=\"elementor-widget-container\">\n\t\t\t\t\t\t\t\t\t<div class=\"elementor-button-wrapper\">\n\t\t\t\t\t<a class=\"elementor-button elementor-button-link elementor-size-sm\" href=\"https:\/\/acf.hr\/en\/kontakt\/\">\n\t\t\t\t\t\t<span class=\"elementor-button-content-wrapper\">\n\t\t\t\t\t\t\t\t\t<span class=\"elementor-button-text\">Contact us<\/span>\n\t\t\t\t\t<\/span>\n\t\t\t\t\t<\/a>\n\t\t\t\t<\/div>\n\t\t\t\t\t\t\t\t<\/div>\n\t\t\t\t<\/div>\n\t\t\t\t\t<\/div>\n\t\t\t\t<\/div>\n\t\t\t\t<\/div>","protected":false},"excerpt":{"rendered":"<p>Financiranje Podr\u0161ka u procesu financiranja Financiranje dugom omogu\u0107ava poslovanje i rast no mo\u017ee biti i teret poslovanju. Prilikom upravljanja financiranjem nekoliko je va\u017enih aspekata o kojima treba voditi ra\u010duna: Razina zadu\u017eenosti &#8211; Ovisno o industriji u kojoj dru\u0161tvo posluje i rezultatima poslovanja Otplatni potencijal &#8211; Prilikom strukturiranja duga potrebno je voditi ra\u010duna o mogu\u0107nosti otplate [&hellip;]<\/p>","protected":false},"author":1,"featured_media":0,"parent":0,"menu_order":0,"comment_status":"closed","ping_status":"closed","template":"","meta":{"footnotes":""},"class_list":["post-15","page","type-page","status-publish","hentry"],"yoast_head":"<!-- This site is optimized with the Yoast SEO plugin v26.9 - https:\/\/yoast.com\/product\/yoast-seo-wordpress\/ -->\n<title>Financiranje - ACF Savjetovanje<\/title>\n<meta name=\"robots\" content=\"index, follow, max-snippet:-1, max-image-preview:large, max-video-preview:-1\" \/>\n<link rel=\"canonical\" href=\"https:\/\/acf.hr\/en\/financiranje\/\" \/>\n<meta property=\"og:locale\" content=\"en_US\" \/>\n<meta property=\"og:type\" content=\"article\" \/>\n<meta property=\"og:title\" content=\"Financiranje - ACF Savjetovanje\" \/>\n<meta property=\"og:description\" content=\"Financiranje Podr\u0161ka u procesu financiranja Financiranje dugom omogu\u0107ava poslovanje i rast no mo\u017ee biti i teret poslovanju. Prilikom upravljanja financiranjem nekoliko je va\u017enih aspekata o kojima treba voditi ra\u010duna: Razina zadu\u017eenosti &#8211; Ovisno o industriji u kojoj dru\u0161tvo posluje i rezultatima poslovanja Otplatni potencijal &#8211; Prilikom strukturiranja duga potrebno je voditi ra\u010duna o mogu\u0107nosti otplate [&hellip;]\" \/>\n<meta property=\"og:url\" content=\"https:\/\/acf.hr\/en\/financiranje\/\" \/>\n<meta property=\"og:site_name\" content=\"ACF Savjetovanje\" \/>\n<meta property=\"article:modified_time\" content=\"2023-11-17T13:45:14+00:00\" \/>\n<meta name=\"twitter:card\" content=\"summary_large_image\" \/>\n<meta name=\"twitter:label1\" content=\"Est. reading time\" \/>\n\t<meta name=\"twitter:data1\" content=\"2 minutes\" \/>\n<script type=\"application\/ld+json\" class=\"yoast-schema-graph\">{\"@context\":\"https:\/\/schema.org\",\"@graph\":[{\"@type\":\"WebPage\",\"@id\":\"https:\/\/acf.hr\/financiranje\/\",\"url\":\"https:\/\/acf.hr\/financiranje\/\",\"name\":\"Financiranje - ACF Savjetovanje\",\"isPartOf\":{\"@id\":\"https:\/\/acf.hr\/#website\"},\"datePublished\":\"2023-07-11T20:08:26+00:00\",\"dateModified\":\"2023-11-17T13:45:14+00:00\",\"breadcrumb\":{\"@id\":\"https:\/\/acf.hr\/financiranje\/#breadcrumb\"},\"inLanguage\":\"en-US\",\"potentialAction\":[{\"@type\":\"ReadAction\",\"target\":[\"https:\/\/acf.hr\/financiranje\/\"]}]},{\"@type\":\"BreadcrumbList\",\"@id\":\"https:\/\/acf.hr\/financiranje\/#breadcrumb\",\"itemListElement\":[{\"@type\":\"ListItem\",\"position\":1,\"name\":\"Home\",\"item\":\"https:\/\/acf.hr\/\"},{\"@type\":\"ListItem\",\"position\":2,\"name\":\"Financiranje\"}]},{\"@type\":\"WebSite\",\"@id\":\"https:\/\/acf.hr\/#website\",\"url\":\"https:\/\/acf.hr\/\",\"name\":\"ACF Savjetovanje\",\"description\":\"ACF Savjetovanje\",\"publisher\":{\"@id\":\"https:\/\/acf.hr\/#organization\"},\"potentialAction\":[{\"@type\":\"SearchAction\",\"target\":{\"@type\":\"EntryPoint\",\"urlTemplate\":\"https:\/\/acf.hr\/?s={search_term_string}\"},\"query-input\":{\"@type\":\"PropertyValueSpecification\",\"valueRequired\":true,\"valueName\":\"search_term_string\"}}],\"inLanguage\":\"en-US\"},{\"@type\":\"Organization\",\"@id\":\"https:\/\/acf.hr\/#organization\",\"name\":\"ACF Savjetovanje\",\"url\":\"https:\/\/acf.hr\/\",\"logo\":{\"@type\":\"ImageObject\",\"inLanguage\":\"en-US\",\"@id\":\"https:\/\/acf.hr\/#\/schema\/logo\/image\/\",\"url\":\"https:\/\/acf.hr\/wp-content\/uploads\/2023\/07\/acf.logo_.transparent-300x197-1.png\",\"contentUrl\":\"https:\/\/acf.hr\/wp-content\/uploads\/2023\/07\/acf.logo_.transparent-300x197-1.png\",\"width\":300,\"height\":105,\"caption\":\"ACF Savjetovanje\"},\"image\":{\"@id\":\"https:\/\/acf.hr\/#\/schema\/logo\/image\/\"}}]}<\/script>\n<!-- \/ Yoast SEO plugin. -->","yoast_head_json":{"title":"Financiranje - ACF Savjetovanje","robots":{"index":"index","follow":"follow","max-snippet":"max-snippet:-1","max-image-preview":"max-image-preview:large","max-video-preview":"max-video-preview:-1"},"canonical":"https:\/\/acf.hr\/en\/financiranje\/","og_locale":"en_US","og_type":"article","og_title":"Financiranje - ACF Savjetovanje","og_description":"Financiranje Podr\u0161ka u procesu financiranja Financiranje dugom omogu\u0107ava poslovanje i rast no mo\u017ee biti i teret poslovanju. Prilikom upravljanja financiranjem nekoliko je va\u017enih aspekata o kojima treba voditi ra\u010duna: Razina zadu\u017eenosti &#8211; Ovisno o industriji u kojoj dru\u0161tvo posluje i rezultatima poslovanja Otplatni potencijal &#8211; Prilikom strukturiranja duga potrebno je voditi ra\u010duna o mogu\u0107nosti otplate [&hellip;]","og_url":"https:\/\/acf.hr\/en\/financiranje\/","og_site_name":"ACF Savjetovanje","article_modified_time":"2023-11-17T13:45:14+00:00","twitter_card":"summary_large_image","twitter_misc":{"Est. reading time":"2 minutes"},"schema":{"@context":"https:\/\/schema.org","@graph":[{"@type":"WebPage","@id":"https:\/\/acf.hr\/financiranje\/","url":"https:\/\/acf.hr\/financiranje\/","name":"Financiranje - ACF Savjetovanje","isPartOf":{"@id":"https:\/\/acf.hr\/#website"},"datePublished":"2023-07-11T20:08:26+00:00","dateModified":"2023-11-17T13:45:14+00:00","breadcrumb":{"@id":"https:\/\/acf.hr\/financiranje\/#breadcrumb"},"inLanguage":"en-US","potentialAction":[{"@type":"ReadAction","target":["https:\/\/acf.hr\/financiranje\/"]}]},{"@type":"BreadcrumbList","@id":"https:\/\/acf.hr\/financiranje\/#breadcrumb","itemListElement":[{"@type":"ListItem","position":1,"name":"Home","item":"https:\/\/acf.hr\/"},{"@type":"ListItem","position":2,"name":"Financiranje"}]},{"@type":"WebSite","@id":"https:\/\/acf.hr\/#website","url":"https:\/\/acf.hr\/","name":"ACF Savjetovanje","description":"ACF Savjetovanje","publisher":{"@id":"https:\/\/acf.hr\/#organization"},"potentialAction":[{"@type":"SearchAction","target":{"@type":"EntryPoint","urlTemplate":"https:\/\/acf.hr\/?s={search_term_string}"},"query-input":{"@type":"PropertyValueSpecification","valueRequired":true,"valueName":"search_term_string"}}],"inLanguage":"en-US"},{"@type":"Organization","@id":"https:\/\/acf.hr\/#organization","name":"ACF Savjetovanje","url":"https:\/\/acf.hr\/","logo":{"@type":"ImageObject","inLanguage":"en-US","@id":"https:\/\/acf.hr\/#\/schema\/logo\/image\/","url":"https:\/\/acf.hr\/wp-content\/uploads\/2023\/07\/acf.logo_.transparent-300x197-1.png","contentUrl":"https:\/\/acf.hr\/wp-content\/uploads\/2023\/07\/acf.logo_.transparent-300x197-1.png","width":300,"height":105,"caption":"ACF Savjetovanje"},"image":{"@id":"https:\/\/acf.hr\/#\/schema\/logo\/image\/"}}]}},"_links":{"self":[{"href":"https:\/\/acf.hr\/en\/wp-json\/wp\/v2\/pages\/15","targetHints":{"allow":["GET"]}}],"collection":[{"href":"https:\/\/acf.hr\/en\/wp-json\/wp\/v2\/pages"}],"about":[{"href":"https:\/\/acf.hr\/en\/wp-json\/wp\/v2\/types\/page"}],"author":[{"embeddable":true,"href":"https:\/\/acf.hr\/en\/wp-json\/wp\/v2\/users\/1"}],"replies":[{"embeddable":true,"href":"https:\/\/acf.hr\/en\/wp-json\/wp\/v2\/comments?post=15"}],"version-history":[{"count":110,"href":"https:\/\/acf.hr\/en\/wp-json\/wp\/v2\/pages\/15\/revisions"}],"predecessor-version":[{"id":812,"href":"https:\/\/acf.hr\/en\/wp-json\/wp\/v2\/pages\/15\/revisions\/812"}],"wp:attachment":[{"href":"https:\/\/acf.hr\/en\/wp-json\/wp\/v2\/media?parent=15"}],"curies":[{"name":"wp","href":"https:\/\/api.w.org\/{rel}","templated":true}]}}