{"id":17,"date":"2023-07-11T20:08:40","date_gmt":"2023-07-11T20:08:40","guid":{"rendered":"https:\/\/acf.hr\/?page_id=17"},"modified":"2023-10-25T18:57:00","modified_gmt":"2023-10-25T18:57:00","slug":"kontroling","status":"publish","type":"page","link":"https:\/\/acf.hr\/en\/kontroling\/","title":{"rendered":"Controlling"},"content":{"rendered":"<div data-elementor-type=\"wp-page\" data-elementor-id=\"17\" class=\"elementor elementor-17\" data-elementor-post-type=\"page\">\n\t\t\t\t<div class=\"elementor-element elementor-element-8edf33b e-flex e-con-boxed e-con e-parent\" data-id=\"8edf33b\" data-element_type=\"container\" data-settings=\"{&quot;background_background&quot;:&quot;classic&quot;}\">\n\t\t\t\t\t<div class=\"e-con-inner\">\n\t\t\t\t<div class=\"elementor-element elementor-element-b7aaa44 elementor-widget__width-initial elementor-widget elementor-widget-heading\" data-id=\"b7aaa44\" data-element_type=\"widget\" data-widget_type=\"heading.default\">\n\t\t\t\t<div class=\"elementor-widget-container\">\n\t\t\t\t\t<h1 class=\"elementor-heading-title elementor-size-default\">Controlling<\/h1>\t\t\t\t<\/div>\n\t\t\t\t<\/div>\n\t\t\t\t\t<\/div>\n\t\t\t\t<\/div>\n\t\t<div class=\"elementor-element elementor-element-2196608 e-flex e-con-boxed e-con e-parent\" data-id=\"2196608\" data-element_type=\"container\">\n\t\t\t\t\t<div class=\"e-con-inner\">\n\t\t\t\t<div class=\"elementor-element elementor-element-6b61e25 elementor-widget-divider--view-line elementor-widget elementor-widget-divider\" data-id=\"6b61e25\" data-element_type=\"widget\" data-widget_type=\"divider.default\">\n\t\t\t\t<div class=\"elementor-widget-container\">\n\t\t\t\t\t\t\t<div class=\"elementor-divider\">\n\t\t\t<span class=\"elementor-divider-separator\">\n\t\t\t\t\t\t<\/span>\n\t\t<\/div>\n\t\t\t\t\t\t<\/div>\n\t\t\t\t<\/div>\n\t\t\t\t<div class=\"elementor-element elementor-element-4d1c9c0 elementor-widget elementor-widget-heading\" data-id=\"4d1c9c0\" data-element_type=\"widget\" data-widget_type=\"heading.default\">\n\t\t\t\t<div class=\"elementor-widget-container\">\n\t\t\t\t\t<h2 class=\"elementor-heading-title elementor-size-default\">Controlling - business compass <\/h2>\t\t\t\t<\/div>\n\t\t\t\t<\/div>\n\t\t\t\t<div class=\"elementor-element elementor-element-6c72fc9 elementor-widget elementor-widget-text-editor\" data-id=\"6c72fc9\" data-element_type=\"widget\" data-widget_type=\"text-editor.default\">\n\t\t\t\t<div class=\"elementor-widget-container\">\n\t\t\t\t\t\t\t\t\t<p style=\"margin-bottom: 6.0pt;\"><span lang=\"HR\">Controlling provides insights that enable effective business management. Working collaboratively with management, controlling establishes structured objectives and monitors performance. It analyzes individual business endeavors and advises management on key business decisions. The complexity of controlling depends on the intricacy of operations, but more often than not, simple management systems prove to be the most effective in achieving company objectives.<\/span><\/p><p style=\"margin-bottom: 6.0pt;\"><span lang=\"HR\">In Controlling segment we are offering assistance in establishing controlling function or preparation of certain key controlling processes.<br \/><\/span><\/p>\t\t\t\t\t\t\t\t<\/div>\n\t\t\t\t<\/div>\n\t\t\t\t\t<\/div>\n\t\t\t\t<\/div>\n\t\t<div class=\"elementor-element elementor-element-173cf1a e-flex e-con-boxed e-con e-parent\" data-id=\"173cf1a\" data-element_type=\"container\">\n\t\t\t\t\t<div class=\"e-con-inner\">\n\t\t<div class=\"elementor-element elementor-element-cf225f1 e-flex e-con-boxed e-con e-child\" data-id=\"cf225f1\" data-element_type=\"container\">\n\t\t\t\t\t<div class=\"e-con-inner\">\n\t\t\t\t<div class=\"elementor-element elementor-element-fed0dc4 elementor-widget elementor-widget-heading\" data-id=\"fed0dc4\" data-element_type=\"widget\" data-widget_type=\"heading.default\">\n\t\t\t\t<div class=\"elementor-widget-container\">\n\t\t\t\t\t<h2 class=\"elementor-heading-title elementor-size-default\">Strategic plan<\/h2>\t\t\t\t<\/div>\n\t\t\t\t<\/div>\n\t\t\t\t<div class=\"elementor-element elementor-element-9426e34 elementor-widget elementor-widget-text-editor\" data-id=\"9426e34\" data-element_type=\"widget\" data-widget_type=\"text-editor.default\">\n\t\t\t\t<div class=\"elementor-widget-container\">\n\t\t\t\t\t\t\t\t\t<p>A strategic plan is a long-term business plan that operationalizes the company's strategy. It identifies long-term quantitative objectives in alignment with the company's strategy.<\/p>\t\t\t\t\t\t\t\t<\/div>\n\t\t\t\t<\/div>\n\t\t\t\t\t<\/div>\n\t\t\t\t<\/div>\n\t\t<div class=\"elementor-element elementor-element-7d5ee62 e-flex e-con-boxed e-con e-child\" data-id=\"7d5ee62\" data-element_type=\"container\">\n\t\t\t\t\t<div class=\"e-con-inner\">\n\t\t\t\t<div class=\"elementor-element elementor-element-cc86484 elementor-widget elementor-widget-heading\" data-id=\"cc86484\" data-element_type=\"widget\" data-widget_type=\"heading.default\">\n\t\t\t\t<div class=\"elementor-widget-container\">\n\t\t\t\t\t<h2 class=\"elementor-heading-title elementor-size-default\">Business plan<\/h2>\t\t\t\t<\/div>\n\t\t\t\t<\/div>\n\t\t\t\t<div class=\"elementor-element elementor-element-ebf1c4b elementor-widget elementor-widget-text-editor\" data-id=\"ebf1c4b\" data-element_type=\"widget\" data-widget_type=\"text-editor.default\">\n\t\t\t\t<div class=\"elementor-widget-container\">\n\t\t\t\t\t\t\t\t\t<p>A business plan is a detailed annual operational blueprint that delineates specific revenue, cost, and key performance indicator targets for each business segment.\u00a0<\/p>\t\t\t\t\t\t\t\t<\/div>\n\t\t\t\t<\/div>\n\t\t\t\t\t<\/div>\n\t\t\t\t<\/div>\n\t\t<div class=\"elementor-element elementor-element-c120f3c e-flex e-con-boxed e-con e-child\" data-id=\"c120f3c\" data-element_type=\"container\">\n\t\t\t\t\t<div class=\"e-con-inner\">\n\t\t\t\t<div class=\"elementor-element elementor-element-5c702ae elementor-widget elementor-widget-heading\" data-id=\"5c702ae\" data-element_type=\"widget\" data-widget_type=\"heading.default\">\n\t\t\t\t<div class=\"elementor-widget-container\">\n\t\t\t\t\t<h2 class=\"elementor-heading-title elementor-size-default\">Management Reporting<\/h2>\t\t\t\t<\/div>\n\t\t\t\t<\/div>\n\t\t\t\t<div class=\"elementor-element elementor-element-1412d11 elementor-widget elementor-widget-text-editor\" data-id=\"1412d11\" data-element_type=\"widget\" data-widget_type=\"text-editor.default\">\n\t\t\t\t<div class=\"elementor-widget-container\">\n\t\t\t\t\t\t\t\t\t<p><span style=\"color: #333333; text-indent: -24px;\">Management Reporting\u00a0<\/span><span style=\"color: #333333; text-indent: -24px;\">focuses on guiding business decisions and evaluating actual performance against planned targets,\u00a0<\/span><span style=\"color: #333333; text-indent: -24px;\">enabling timely adjustments for successful execution of the business plan.<\/span><\/p>\t\t\t\t\t\t\t\t<\/div>\n\t\t\t\t<\/div>\n\t\t\t\t\t<\/div>\n\t\t\t\t<\/div>\n\t\t\t\t\t<\/div>\n\t\t\t\t<\/div>\n\t\t<div class=\"elementor-element elementor-element-99b77c9 e-flex e-con-boxed e-con e-parent\" data-id=\"99b77c9\" data-element_type=\"container\">\n\t\t\t\t\t<div class=\"e-con-inner\">\n\t\t<div class=\"elementor-element elementor-element-6c1687e e-flex e-con-boxed e-con e-child\" data-id=\"6c1687e\" data-element_type=\"container\" data-settings=\"{&quot;background_background&quot;:&quot;classic&quot;}\">\n\t\t\t\t\t<div class=\"e-con-inner\">\n\t\t\t\t<div class=\"elementor-element elementor-element-9ea483b elementor-widget elementor-widget-heading\" data-id=\"9ea483b\" data-element_type=\"widget\" data-widget_type=\"heading.default\">\n\t\t\t\t<div class=\"elementor-widget-container\">\n\t\t\t\t\t<h2 class=\"elementor-heading-title elementor-size-default\">Business analysis<\/h2>\t\t\t\t<\/div>\n\t\t\t\t<\/div>\n\t\t\t\t<div class=\"elementor-element elementor-element-ecbac43 elementor-widget elementor-widget-text-editor\" data-id=\"ecbac43\" data-element_type=\"widget\" data-widget_type=\"text-editor.default\">\n\t\t\t\t<div class=\"elementor-widget-container\">\n\t\t\t\t\t\t\t\t\t<p><span style=\"color: #333333; text-indent: -24px;\">Identifying causes for deviations from planned figures and implementing corrective measures;<\/span><br style=\"color: #333333; text-indent: -24px;\" \/><span style=\"color: #333333; text-indent: -24px;\">Conducting profitability analysis and assessing the business viability of specific products, segments,\u00a0<\/span><span style=\"color: #333333; text-indent: -24px;\">markets, projects, etc.<\/span><\/p>\t\t\t\t\t\t\t\t<\/div>\n\t\t\t\t<\/div>\n\t\t\t\t\t<\/div>\n\t\t\t\t<\/div>\n\t\t<div class=\"elementor-element elementor-element-447d906 e-flex e-con-boxed e-con e-child\" data-id=\"447d906\" data-element_type=\"container\" data-settings=\"{&quot;background_background&quot;:&quot;classic&quot;}\">\n\t\t\t\t\t<div class=\"e-con-inner\">\n\t\t\t\t<div class=\"elementor-element elementor-element-11dc2d7 elementor-widget elementor-widget-heading\" data-id=\"11dc2d7\" data-element_type=\"widget\" data-widget_type=\"heading.default\">\n\t\t\t\t<div class=\"elementor-widget-container\">\n\t\t\t\t\t<h2 class=\"elementor-heading-title elementor-size-default\">Investment studies<\/h2>\t\t\t\t<\/div>\n\t\t\t\t<\/div>\n\t\t\t\t<div class=\"elementor-element elementor-element-2ad7c1a elementor-widget elementor-widget-text-editor\" data-id=\"2ad7c1a\" data-element_type=\"widget\" data-widget_type=\"text-editor.default\">\n\t\t\t\t<div class=\"elementor-widget-container\">\n\t\t\t\t\t\t\t\t\t<p>Conducting thorough analyses of investment projects and performing cost-benefit assessments essential for making informed investment decisions and securing project financing.<\/p>\t\t\t\t\t\t\t\t<\/div>\n\t\t\t\t<\/div>\n\t\t\t\t\t<\/div>\n\t\t\t\t<\/div>\n\t\t<div class=\"elementor-element elementor-element-bf823af e-flex e-con-boxed e-con e-child\" data-id=\"bf823af\" data-element_type=\"container\" data-settings=\"{&quot;background_background&quot;:&quot;classic&quot;}\">\n\t\t\t\t\t<div class=\"e-con-inner\">\n\t\t\t\t<div class=\"elementor-element elementor-element-f9164ad elementor-widget elementor-widget-heading\" data-id=\"f9164ad\" data-element_type=\"widget\" data-widget_type=\"heading.default\">\n\t\t\t\t<div class=\"elementor-widget-container\">\n\t\t\t\t\t<h2 class=\"elementor-heading-title elementor-size-default\">Strategic projects<\/h2>\t\t\t\t<\/div>\n\t\t\t\t<\/div>\n\t\t\t\t<div class=\"elementor-element elementor-element-ed6f6f7 elementor-widget elementor-widget-text-editor\" data-id=\"ed6f6f7\" data-element_type=\"widget\" data-widget_type=\"text-editor.default\">\n\t\t\t\t<div class=\"elementor-widget-container\">\n\t\t\t\t\t\t\t\t\t<p>Assessment of the cost-effectiveness and impact of strategic projects on business with the aim of making the most financially and strategically optimal decisions.<\/p>\t\t\t\t\t\t\t\t<\/div>\n\t\t\t\t<\/div>\n\t\t\t\t\t<\/div>\n\t\t\t\t<\/div>\n\t\t\t\t\t<\/div>\n\t\t\t\t<\/div>\n\t\t<div class=\"elementor-element elementor-element-5821a1a e-flex e-con-boxed e-con e-parent\" data-id=\"5821a1a\" data-element_type=\"container\" data-settings=\"{&quot;background_background&quot;:&quot;classic&quot;}\">\n\t\t\t\t\t<div class=\"e-con-inner\">\n\t\t\t\t\t<\/div>\n\t\t\t\t<\/div>\n\t\t<div class=\"elementor-element elementor-element-385bcf1 e-flex e-con-boxed e-con e-parent\" data-id=\"385bcf1\" data-element_type=\"container\">\n\t\t\t\t\t<div class=\"e-con-inner\">\n\t\t\t\t<div class=\"elementor-element elementor-element-7ad7ff8 elementor-widget-divider--view-line elementor-widget elementor-widget-divider\" data-id=\"7ad7ff8\" data-element_type=\"widget\" data-widget_type=\"divider.default\">\n\t\t\t\t<div class=\"elementor-widget-container\">\n\t\t\t\t\t\t\t<div class=\"elementor-divider\">\n\t\t\t<span class=\"elementor-divider-separator\">\n\t\t\t\t\t\t<\/span>\n\t\t<\/div>\n\t\t\t\t\t\t<\/div>\n\t\t\t\t<\/div>\n\t\t\t\t<div class=\"elementor-element elementor-element-3ee241d elementor-widget elementor-widget-text-editor\" data-id=\"3ee241d\" data-element_type=\"widget\" data-widget_type=\"text-editor.default\">\n\t\t\t\t<div class=\"elementor-widget-container\">\n\t\t\t\t\t\t\t\t\t<p>Contact us to establish a robust control system designed to ensure sustained profitability, resilience, and strategic alignment with your business objectives. Gain firm control over your operations through practical tools and extensive expertise.<\/p>\t\t\t\t\t\t\t\t<\/div>\n\t\t\t\t<\/div>\n\t\t\t\t\t<\/div>\n\t\t\t\t<\/div>\n\t\t<div class=\"elementor-element elementor-element-5ada59e e-flex e-con-boxed e-con e-parent\" data-id=\"5ada59e\" data-element_type=\"container\">\n\t\t\t\t\t<div class=\"e-con-inner\">\n\t\t\t\t<div class=\"elementor-element elementor-element-ee92c2e elementor-align-center elementor-widget elementor-widget-button\" data-id=\"ee92c2e\" data-element_type=\"widget\" data-widget_type=\"button.default\">\n\t\t\t\t<div class=\"elementor-widget-container\">\n\t\t\t\t\t\t\t\t\t<div class=\"elementor-button-wrapper\">\n\t\t\t\t\t<a class=\"elementor-button elementor-button-link elementor-size-sm\" href=\"https:\/\/acf.hr\/en\/kontakt\/\">\n\t\t\t\t\t\t<span class=\"elementor-button-content-wrapper\">\n\t\t\t\t\t\t\t\t\t<span class=\"elementor-button-text\">Contact us<\/span>\n\t\t\t\t\t<\/span>\n\t\t\t\t\t<\/a>\n\t\t\t\t<\/div>\n\t\t\t\t\t\t\t\t<\/div>\n\t\t\t\t<\/div>\n\t\t\t\t\t<\/div>\n\t\t\t\t<\/div>\n\t\t\t\t<\/div>","protected":false},"excerpt":{"rendered":"<p>Kontroling Kontroling &#8211; kompas poslovanja Kontroling\u00a0 daje\u00a0uvid koji omogu\u0107ava efikasno upravljanje poslovanjem. Kontroling u suradnji s menad\u017ementom zadaje strukturirane ciljeve i prati uspje\u0161nost, analizira pojedine poslovne poduhvate i savjetuje menad\u017ement oko poslovnih odluka. Kompleksnost kontrolinga ovisi o kompleksnosti poslovanja no naj\u010de\u0161\u0107e su\u00a0jednostavni sustavi upravljanja poslovanjem najefikasniji u\u00a0postizanju ciljeva kompanije. U segmentu Kontrolinga nudimo usluge uspostavljanja [&hellip;]<\/p>","protected":false},"author":1,"featured_media":0,"parent":0,"menu_order":0,"comment_status":"closed","ping_status":"closed","template":"","meta":{"footnotes":""},"class_list":["post-17","page","type-page","status-publish","hentry"],"yoast_head":"<!-- This site is optimized with the Yoast SEO plugin v26.9 - https:\/\/yoast.com\/product\/yoast-seo-wordpress\/ -->\n<title>Kontroling - ACF Savjetovanje<\/title>\n<meta name=\"robots\" content=\"index, follow, max-snippet:-1, max-image-preview:large, max-video-preview:-1\" \/>\n<link rel=\"canonical\" href=\"https:\/\/acf.hr\/en\/kontroling\/\" \/>\n<meta property=\"og:locale\" content=\"en_US\" \/>\n<meta property=\"og:type\" content=\"article\" \/>\n<meta property=\"og:title\" content=\"Kontroling - ACF Savjetovanje\" \/>\n<meta property=\"og:description\" content=\"Kontroling Kontroling &#8211; kompas poslovanja Kontroling\u00a0 daje\u00a0uvid koji omogu\u0107ava efikasno upravljanje poslovanjem. Kontroling u suradnji s menad\u017ementom zadaje strukturirane ciljeve i prati uspje\u0161nost, analizira pojedine poslovne poduhvate i savjetuje menad\u017ement oko poslovnih odluka. Kompleksnost kontrolinga ovisi o kompleksnosti poslovanja no naj\u010de\u0161\u0107e su\u00a0jednostavni sustavi upravljanja poslovanjem najefikasniji u\u00a0postizanju ciljeva kompanije. U segmentu Kontrolinga nudimo usluge uspostavljanja [&hellip;]\" \/>\n<meta property=\"og:url\" content=\"https:\/\/acf.hr\/en\/kontroling\/\" \/>\n<meta property=\"og:site_name\" content=\"ACF Savjetovanje\" \/>\n<meta property=\"article:modified_time\" content=\"2023-10-25T18:57:00+00:00\" \/>\n<meta name=\"twitter:card\" content=\"summary_large_image\" \/>\n<meta name=\"twitter:label1\" content=\"Est. reading time\" \/>\n\t<meta name=\"twitter:data1\" content=\"2 minutes\" \/>\n<script type=\"application\/ld+json\" class=\"yoast-schema-graph\">{\"@context\":\"https:\/\/schema.org\",\"@graph\":[{\"@type\":\"WebPage\",\"@id\":\"https:\/\/acf.hr\/kontroling\/\",\"url\":\"https:\/\/acf.hr\/kontroling\/\",\"name\":\"Kontroling - ACF Savjetovanje\",\"isPartOf\":{\"@id\":\"https:\/\/acf.hr\/#website\"},\"datePublished\":\"2023-07-11T20:08:40+00:00\",\"dateModified\":\"2023-10-25T18:57:00+00:00\",\"breadcrumb\":{\"@id\":\"https:\/\/acf.hr\/kontroling\/#breadcrumb\"},\"inLanguage\":\"en-US\",\"potentialAction\":[{\"@type\":\"ReadAction\",\"target\":[\"https:\/\/acf.hr\/kontroling\/\"]}]},{\"@type\":\"BreadcrumbList\",\"@id\":\"https:\/\/acf.hr\/kontroling\/#breadcrumb\",\"itemListElement\":[{\"@type\":\"ListItem\",\"position\":1,\"name\":\"Home\",\"item\":\"https:\/\/acf.hr\/\"},{\"@type\":\"ListItem\",\"position\":2,\"name\":\"Kontroling\"}]},{\"@type\":\"WebSite\",\"@id\":\"https:\/\/acf.hr\/#website\",\"url\":\"https:\/\/acf.hr\/\",\"name\":\"ACF Savjetovanje\",\"description\":\"ACF Savjetovanje\",\"publisher\":{\"@id\":\"https:\/\/acf.hr\/#organization\"},\"potentialAction\":[{\"@type\":\"SearchAction\",\"target\":{\"@type\":\"EntryPoint\",\"urlTemplate\":\"https:\/\/acf.hr\/?s={search_term_string}\"},\"query-input\":{\"@type\":\"PropertyValueSpecification\",\"valueRequired\":true,\"valueName\":\"search_term_string\"}}],\"inLanguage\":\"en-US\"},{\"@type\":\"Organization\",\"@id\":\"https:\/\/acf.hr\/#organization\",\"name\":\"ACF Savjetovanje\",\"url\":\"https:\/\/acf.hr\/\",\"logo\":{\"@type\":\"ImageObject\",\"inLanguage\":\"en-US\",\"@id\":\"https:\/\/acf.hr\/#\/schema\/logo\/image\/\",\"url\":\"https:\/\/acf.hr\/wp-content\/uploads\/2023\/07\/acf.logo_.transparent-300x197-1.png\",\"contentUrl\":\"https:\/\/acf.hr\/wp-content\/uploads\/2023\/07\/acf.logo_.transparent-300x197-1.png\",\"width\":300,\"height\":105,\"caption\":\"ACF Savjetovanje\"},\"image\":{\"@id\":\"https:\/\/acf.hr\/#\/schema\/logo\/image\/\"}}]}<\/script>\n<!-- \/ Yoast SEO plugin. -->","yoast_head_json":{"title":"Kontroling - ACF Savjetovanje","robots":{"index":"index","follow":"follow","max-snippet":"max-snippet:-1","max-image-preview":"max-image-preview:large","max-video-preview":"max-video-preview:-1"},"canonical":"https:\/\/acf.hr\/en\/kontroling\/","og_locale":"en_US","og_type":"article","og_title":"Kontroling - ACF Savjetovanje","og_description":"Kontroling Kontroling &#8211; kompas poslovanja Kontroling\u00a0 daje\u00a0uvid koji omogu\u0107ava efikasno upravljanje poslovanjem. Kontroling u suradnji s menad\u017ementom zadaje strukturirane ciljeve i prati uspje\u0161nost, analizira pojedine poslovne poduhvate i savjetuje menad\u017ement oko poslovnih odluka. Kompleksnost kontrolinga ovisi o kompleksnosti poslovanja no naj\u010de\u0161\u0107e su\u00a0jednostavni sustavi upravljanja poslovanjem najefikasniji u\u00a0postizanju ciljeva kompanije. U segmentu Kontrolinga nudimo usluge uspostavljanja [&hellip;]","og_url":"https:\/\/acf.hr\/en\/kontroling\/","og_site_name":"ACF Savjetovanje","article_modified_time":"2023-10-25T18:57:00+00:00","twitter_card":"summary_large_image","twitter_misc":{"Est. reading time":"2 minutes"},"schema":{"@context":"https:\/\/schema.org","@graph":[{"@type":"WebPage","@id":"https:\/\/acf.hr\/kontroling\/","url":"https:\/\/acf.hr\/kontroling\/","name":"Kontroling - ACF Savjetovanje","isPartOf":{"@id":"https:\/\/acf.hr\/#website"},"datePublished":"2023-07-11T20:08:40+00:00","dateModified":"2023-10-25T18:57:00+00:00","breadcrumb":{"@id":"https:\/\/acf.hr\/kontroling\/#breadcrumb"},"inLanguage":"en-US","potentialAction":[{"@type":"ReadAction","target":["https:\/\/acf.hr\/kontroling\/"]}]},{"@type":"BreadcrumbList","@id":"https:\/\/acf.hr\/kontroling\/#breadcrumb","itemListElement":[{"@type":"ListItem","position":1,"name":"Home","item":"https:\/\/acf.hr\/"},{"@type":"ListItem","position":2,"name":"Kontroling"}]},{"@type":"WebSite","@id":"https:\/\/acf.hr\/#website","url":"https:\/\/acf.hr\/","name":"ACF Savjetovanje","description":"ACF Savjetovanje","publisher":{"@id":"https:\/\/acf.hr\/#organization"},"potentialAction":[{"@type":"SearchAction","target":{"@type":"EntryPoint","urlTemplate":"https:\/\/acf.hr\/?s={search_term_string}"},"query-input":{"@type":"PropertyValueSpecification","valueRequired":true,"valueName":"search_term_string"}}],"inLanguage":"en-US"},{"@type":"Organization","@id":"https:\/\/acf.hr\/#organization","name":"ACF Savjetovanje","url":"https:\/\/acf.hr\/","logo":{"@type":"ImageObject","inLanguage":"en-US","@id":"https:\/\/acf.hr\/#\/schema\/logo\/image\/","url":"https:\/\/acf.hr\/wp-content\/uploads\/2023\/07\/acf.logo_.transparent-300x197-1.png","contentUrl":"https:\/\/acf.hr\/wp-content\/uploads\/2023\/07\/acf.logo_.transparent-300x197-1.png","width":300,"height":105,"caption":"ACF Savjetovanje"},"image":{"@id":"https:\/\/acf.hr\/#\/schema\/logo\/image\/"}}]}},"_links":{"self":[{"href":"https:\/\/acf.hr\/en\/wp-json\/wp\/v2\/pages\/17","targetHints":{"allow":["GET"]}}],"collection":[{"href":"https:\/\/acf.hr\/en\/wp-json\/wp\/v2\/pages"}],"about":[{"href":"https:\/\/acf.hr\/en\/wp-json\/wp\/v2\/types\/page"}],"author":[{"embeddable":true,"href":"https:\/\/acf.hr\/en\/wp-json\/wp\/v2\/users\/1"}],"replies":[{"embeddable":true,"href":"https:\/\/acf.hr\/en\/wp-json\/wp\/v2\/comments?post=17"}],"version-history":[{"count":82,"href":"https:\/\/acf.hr\/en\/wp-json\/wp\/v2\/pages\/17\/revisions"}],"predecessor-version":[{"id":704,"href":"https:\/\/acf.hr\/en\/wp-json\/wp\/v2\/pages\/17\/revisions\/704"}],"wp:attachment":[{"href":"https:\/\/acf.hr\/en\/wp-json\/wp\/v2\/media?parent=17"}],"curies":[{"name":"wp","href":"https:\/\/api.w.org\/{rel}","templated":true}]}}