{"id":21,"date":"2023-07-11T20:09:24","date_gmt":"2023-07-11T20:09:24","guid":{"rendered":"https:\/\/acf.hr\/?page_id=21"},"modified":"2023-11-17T13:44:25","modified_gmt":"2023-11-17T13:44:25","slug":"restrukturiranje","status":"publish","type":"page","link":"https:\/\/acf.hr\/en\/restrukturiranje\/","title":{"rendered":"Restructuring"},"content":{"rendered":"<div data-elementor-type=\"wp-page\" data-elementor-id=\"21\" class=\"elementor elementor-21\" data-elementor-post-type=\"page\">\n\t\t\t\t<div class=\"elementor-element elementor-element-dcde183 e-flex e-con-boxed e-con e-parent\" data-id=\"dcde183\" data-element_type=\"container\" data-settings=\"{&quot;background_background&quot;:&quot;classic&quot;}\">\n\t\t\t\t\t<div class=\"e-con-inner\">\n\t\t\t\t<div class=\"elementor-element elementor-element-b471ede elementor-widget__width-initial elementor-widget elementor-widget-heading\" data-id=\"b471ede\" data-element_type=\"widget\" data-widget_type=\"heading.default\">\n\t\t\t\t<div class=\"elementor-widget-container\">\n\t\t\t\t\t<h1 class=\"elementor-heading-title elementor-size-default\">Restructuring<\/h1>\t\t\t\t<\/div>\n\t\t\t\t<\/div>\n\t\t\t\t\t<\/div>\n\t\t\t\t<\/div>\n\t\t<div class=\"elementor-element elementor-element-a60a068 e-flex e-con-boxed e-con e-parent\" data-id=\"a60a068\" data-element_type=\"container\">\n\t\t\t\t\t<div class=\"e-con-inner\">\n\t\t\t\t<div class=\"elementor-element elementor-element-cd37726 elementor-widget-divider--view-line elementor-widget elementor-widget-divider\" data-id=\"cd37726\" data-element_type=\"widget\" data-widget_type=\"divider.default\">\n\t\t\t\t<div class=\"elementor-widget-container\">\n\t\t\t\t\t\t\t<div class=\"elementor-divider\">\n\t\t\t<span class=\"elementor-divider-separator\">\n\t\t\t\t\t\t<\/span>\n\t\t<\/div>\n\t\t\t\t\t\t<\/div>\n\t\t\t\t<\/div>\n\t\t\t\t<div class=\"elementor-element elementor-element-bcde0fa elementor-widget elementor-widget-heading\" data-id=\"bcde0fa\" data-element_type=\"widget\" data-widget_type=\"heading.default\">\n\t\t\t\t<div class=\"elementor-widget-container\">\n\t\t\t\t\t<h2 class=\"elementor-heading-title elementor-size-default\">Restructuring<\/h2>\t\t\t\t<\/div>\n\t\t\t\t<\/div>\n\t\t\t\t<div class=\"elementor-element elementor-element-d575014 elementor-widget elementor-widget-text-editor\" data-id=\"d575014\" data-element_type=\"widget\" data-widget_type=\"text-editor.default\">\n\t\t\t\t<div class=\"elementor-widget-container\">\n\t\t\t\t\t\t\t\t\t<p>Addressing some of the challenges in business operations requires operational and\/or financial restructuring. There are several potential causes of business difficulties, with the most common being:<\/p>\n<ul>\n<li><strong>Liquidity Issues<\/strong> Liquidity problems can, in simplified terms, arise from an inadequate balance sheet structure, suboptimal quality of short-term assets, or due to operational inefficiencies where illiquidity is merely a symptom of deeper business issues.<\/li>\n<li><strong>Overindebtedness<\/strong> or an inadequate debt structure can burden operations. The solution lies in financial restructuring, which entails the restructuring of financial debt in line with the company's repayment capabilities.<\/li>\n<li><strong>Operational (un)profitability<\/strong> Determining the true cause of operational unprofitability, addressing appropriate measures to eliminate the root causes of the problem, and ensuring long-term sustainable business are the results of operational restructuring.<\/li>\n<\/ul>\n<p>In the Restructuring segment, we offer the following services:<\/p>\t\t\t\t\t\t\t\t<\/div>\n\t\t\t\t<\/div>\n\t\t\t\t\t<\/div>\n\t\t\t\t<\/div>\n\t\t<div class=\"elementor-element elementor-element-df6a7d7 e-flex e-con-boxed e-con e-parent\" data-id=\"df6a7d7\" data-element_type=\"container\">\n\t\t\t\t\t<div class=\"e-con-inner\">\n\t\t<div class=\"elementor-element elementor-element-d25fe3e e-flex e-con-boxed e-con e-child\" data-id=\"d25fe3e\" data-element_type=\"container\">\n\t\t\t\t\t<div class=\"e-con-inner\">\n\t\t\t\t<div class=\"elementor-element elementor-element-090a8c0 elementor-widget elementor-widget-heading\" data-id=\"090a8c0\" data-element_type=\"widget\" data-widget_type=\"heading.default\">\n\t\t\t\t<div class=\"elementor-widget-container\">\n\t\t\t\t\t<h2 class=\"elementor-heading-title elementor-size-default\">Crisis management<\/h2>\t\t\t\t<\/div>\n\t\t\t\t<\/div>\n\t\t\t\t<div class=\"elementor-element elementor-element-16e79b9 elementor-widget elementor-widget-text-editor\" data-id=\"16e79b9\" data-element_type=\"widget\" data-widget_type=\"text-editor.default\">\n\t\t\t\t<div class=\"elementor-widget-container\">\n\t\t\t\t\t\t\t\t\t<ul>\n<li>In a situation where a company is facing a crisis, a deadlock, or similar circumstances, urgent steps need to be taken to ensure the continuity of operations.&nbsp;<\/li>\n<li>Crisis management involves negotiations with key creditors to ensure the continuity of business operations.<\/li>\n<\/ul>\t\t\t\t\t\t\t\t<\/div>\n\t\t\t\t<\/div>\n\t\t\t\t\t<\/div>\n\t\t\t\t<\/div>\n\t\t<div class=\"elementor-element elementor-element-6734fef e-flex e-con-boxed e-con e-child\" data-id=\"6734fef\" data-element_type=\"container\">\n\t\t\t\t\t<div class=\"e-con-inner\">\n\t\t\t\t<div class=\"elementor-element elementor-element-a16c5ba elementor-widget elementor-widget-heading\" data-id=\"a16c5ba\" data-element_type=\"widget\" data-widget_type=\"heading.default\">\n\t\t\t\t<div class=\"elementor-widget-container\">\n\t\t\t\t\t<h2 class=\"elementor-heading-title elementor-size-default\">Financial Restructuring<\/h2>\t\t\t\t<\/div>\n\t\t\t\t<\/div>\n\t\t\t\t<div class=\"elementor-element elementor-element-9da178b elementor-widget elementor-widget-text-editor\" data-id=\"9da178b\" data-element_type=\"widget\" data-widget_type=\"text-editor.default\">\n\t\t\t\t<div class=\"elementor-widget-container\">\n\t\t\t\t\t\t\t\t\t<ul style=\"font-size: 20px; background-color: #ffffff;\"><li style=\"font-size: 20px;\">Development of a Repayment Plan as part of the Integrated Business Plan.<\/li><li style=\"font-size: 20px;\">Negotiations with financial institutions.<\/li><li style=\"font-size: 20px;\">Preparation of new debt in accordance with the company's repayment capabilities.<\/li><\/ul>\t\t\t\t\t\t\t\t<\/div>\n\t\t\t\t<\/div>\n\t\t\t\t\t<\/div>\n\t\t\t\t<\/div>\n\t\t<div class=\"elementor-element elementor-element-9f19bf4 e-flex e-con-boxed e-con e-child\" data-id=\"9f19bf4\" data-element_type=\"container\">\n\t\t\t\t\t<div class=\"e-con-inner\">\n\t\t\t\t<div class=\"elementor-element elementor-element-b53daf6 elementor-widget elementor-widget-heading\" data-id=\"b53daf6\" data-element_type=\"widget\" data-widget_type=\"heading.default\">\n\t\t\t\t<div class=\"elementor-widget-container\">\n\t\t\t\t\t<h2 class=\"elementor-heading-title elementor-size-default\">Liquidity Management<\/h2>\t\t\t\t<\/div>\n\t\t\t\t<\/div>\n\t\t\t\t<div class=\"elementor-element elementor-element-50f6def elementor-widget elementor-widget-text-editor\" data-id=\"50f6def\" data-element_type=\"widget\" data-widget_type=\"text-editor.default\">\n\t\t\t\t<div class=\"elementor-widget-container\">\n\t\t\t\t\t\t\t\t\t<ul style=\"font-size: 20px; background-color: #ffffff;\"><li style=\"font-size: 20px;\">Development of a Liquidity Plan as part of the Integrated Business Plan.<\/li><li style=\"font-size: 20px;\">Negotiations with suppliers and financial institutions.<\/li><li style=\"font-size: 20px;\">Determining short-term cash flow and liquidity management.<\/li><\/ul>\t\t\t\t\t\t\t\t<\/div>\n\t\t\t\t<\/div>\n\t\t\t\t\t<\/div>\n\t\t\t\t<\/div>\n\t\t\t\t\t<\/div>\n\t\t\t\t<\/div>\n\t\t<div class=\"elementor-element elementor-element-6977547 e-flex e-con-boxed e-con e-parent\" data-id=\"6977547\" data-element_type=\"container\">\n\t\t\t\t\t<div class=\"e-con-inner\">\n\t\t<div class=\"elementor-element elementor-element-e94ea7c e-flex e-con-boxed e-con e-child\" data-id=\"e94ea7c\" data-element_type=\"container\" data-settings=\"{&quot;background_background&quot;:&quot;classic&quot;}\">\n\t\t\t\t\t<div class=\"e-con-inner\">\n\t\t\t\t<div class=\"elementor-element elementor-element-6a2c7dd elementor-widget elementor-widget-heading\" data-id=\"6a2c7dd\" data-element_type=\"widget\" data-widget_type=\"heading.default\">\n\t\t\t\t<div class=\"elementor-widget-container\">\n\t\t\t\t\t<h2 class=\"elementor-heading-title elementor-size-default\">Operational Restructuring<\/h2>\t\t\t\t<\/div>\n\t\t\t\t<\/div>\n\t\t\t\t<div class=\"elementor-element elementor-element-76d9afe elementor-widget elementor-widget-text-editor\" data-id=\"76d9afe\" data-element_type=\"widget\" data-widget_type=\"text-editor.default\">\n\t\t\t\t<div class=\"elementor-widget-container\">\n\t\t\t\t\t\t\t\t\t<ul style=\"font-size: 20px; background-color: #ffffff;\"><li style=\"font-size: 20px;\">Conducting a detailed business analysis and identifying issues in operational operations (profitability).<\/li><li style=\"font-size: 20px;\">Proposing measures for change aimed at achieving long-term sustainable operations.<\/li><\/ul>\t\t\t\t\t\t\t\t<\/div>\n\t\t\t\t<\/div>\n\t\t\t\t\t<\/div>\n\t\t\t\t<\/div>\n\t\t<div class=\"elementor-element elementor-element-84a1c48 e-flex e-con-boxed e-con e-child\" data-id=\"84a1c48\" data-element_type=\"container\" data-settings=\"{&quot;background_background&quot;:&quot;classic&quot;}\">\n\t\t\t\t\t<div class=\"e-con-inner\">\n\t\t\t\t<div class=\"elementor-element elementor-element-6e23cbb elementor-widget elementor-widget-heading\" data-id=\"6e23cbb\" data-element_type=\"widget\" data-widget_type=\"heading.default\">\n\t\t\t\t<div class=\"elementor-widget-container\">\n\t\t\t\t\t<h2 class=\"elementor-heading-title elementor-size-default\">Pre-bankruptcy Settlement<\/h2>\t\t\t\t<\/div>\n\t\t\t\t<\/div>\n\t\t\t\t<div class=\"elementor-element elementor-element-5ffb7c6 elementor-widget elementor-widget-spacer\" data-id=\"5ffb7c6\" data-element_type=\"widget\" data-widget_type=\"spacer.default\">\n\t\t\t\t<div class=\"elementor-widget-container\">\n\t\t\t\t\t\t\t<div class=\"elementor-spacer\">\n\t\t\t<div class=\"elementor-spacer-inner\"><\/div>\n\t\t<\/div>\n\t\t\t\t\t\t<\/div>\n\t\t\t\t<\/div>\n\t\t\t\t<div class=\"elementor-element elementor-element-a9fc96b elementor-widget elementor-widget-text-editor\" data-id=\"a9fc96b\" data-element_type=\"widget\" data-widget_type=\"text-editor.default\">\n\t\t\t\t<div class=\"elementor-widget-container\">\n\t\t\t\t\t\t\t\t\t<ul style=\"font-size: 20px; background-color: #ffffff;\"><li style=\"font-size: 20px;\">Conducting pre-bankruptcy settlement proceedings.<\/li><li style=\"font-size: 20px;\">Development of a pre-bankruptcy settlement model and a restructuring plan.<\/li><li style=\"font-size: 20px;\">Negotiations with suppliers and financial institutions.<\/li><li style=\"font-size: 20px;\">Managing the pre-bankruptcy settlement project.<\/li><\/ul>\t\t\t\t\t\t\t\t<\/div>\n\t\t\t\t<\/div>\n\t\t\t\t\t<\/div>\n\t\t\t\t<\/div>\n\t\t<div class=\"elementor-element elementor-element-8b05e8b e-flex e-con-boxed e-con e-child\" data-id=\"8b05e8b\" data-element_type=\"container\" data-settings=\"{&quot;background_background&quot;:&quot;classic&quot;}\">\n\t\t\t\t\t<div class=\"e-con-inner\">\n\t\t\t\t<div class=\"elementor-element elementor-element-b84144b elementor-widget elementor-widget-heading\" data-id=\"b84144b\" data-element_type=\"widget\" data-widget_type=\"heading.default\">\n\t\t\t\t<div class=\"elementor-widget-container\">\n\t\t\t\t\t<h2 class=\"elementor-heading-title elementor-size-default\">Strategic Partnership<\/h2>\t\t\t\t<\/div>\n\t\t\t\t<\/div>\n\t\t\t\t<div class=\"elementor-element elementor-element-f36e738 elementor-widget elementor-widget-spacer\" data-id=\"f36e738\" data-element_type=\"widget\" data-widget_type=\"spacer.default\">\n\t\t\t\t<div class=\"elementor-widget-container\">\n\t\t\t\t\t\t\t<div class=\"elementor-spacer\">\n\t\t\t<div class=\"elementor-spacer-inner\"><\/div>\n\t\t<\/div>\n\t\t\t\t\t\t<\/div>\n\t\t\t\t<\/div>\n\t\t\t\t<div class=\"elementor-element elementor-element-37d850f elementor-widget elementor-widget-text-editor\" data-id=\"37d850f\" data-element_type=\"widget\" data-widget_type=\"text-editor.default\">\n\t\t\t\t<div class=\"elementor-widget-container\">\n\t\t\t\t\t\t\t\t\t<ul style=\"font-size: 20px; background-color: #ffffff;\"><li style=\"font-size: 20px;\">Identifying a strategic partner for the sale of assets or business, with the aim of preserving business continuity and realizing value for existing owners.<\/li><li style=\"font-size: 20px;\">Negotiations in the interest of the company and its owners.<\/li><\/ul>\t\t\t\t\t\t\t\t<\/div>\n\t\t\t\t<\/div>\n\t\t\t\t\t<\/div>\n\t\t\t\t<\/div>\n\t\t\t\t\t<\/div>\n\t\t\t\t<\/div>\n\t\t<div class=\"elementor-element elementor-element-c247917 e-flex e-con-boxed e-con e-parent\" data-id=\"c247917\" data-element_type=\"container\" data-settings=\"{&quot;background_background&quot;:&quot;classic&quot;}\">\n\t\t\t\t\t<div class=\"e-con-inner\">\n\t\t\t\t\t<\/div>\n\t\t\t\t<\/div>\n\t\t<div class=\"elementor-element elementor-element-190346e e-flex e-con-boxed e-con e-parent\" data-id=\"190346e\" data-element_type=\"container\">\n\t\t\t\t\t<div class=\"e-con-inner\">\n\t\t\t\t<div class=\"elementor-element elementor-element-70155ef elementor-widget-divider--view-line elementor-widget elementor-widget-divider\" data-id=\"70155ef\" data-element_type=\"widget\" data-widget_type=\"divider.default\">\n\t\t\t\t<div class=\"elementor-widget-container\">\n\t\t\t\t\t\t\t<div class=\"elementor-divider\">\n\t\t\t<span class=\"elementor-divider-separator\">\n\t\t\t\t\t\t<\/span>\n\t\t<\/div>\n\t\t\t\t\t\t<\/div>\n\t\t\t\t<\/div>\n\t\t\t\t<div class=\"elementor-element elementor-element-6619fc1 elementor-widget elementor-widget-heading\" data-id=\"6619fc1\" data-element_type=\"widget\" data-widget_type=\"heading.default\">\n\t\t\t\t<div class=\"elementor-widget-container\">\n\t\t\t\t\t<h2 class=\"elementor-heading-title elementor-size-default\">Restructuring Services<\/h2>\t\t\t\t<\/div>\n\t\t\t\t<\/div>\n\t\t\t\t<div class=\"elementor-element elementor-element-4ef428b elementor-widget elementor-widget-text-editor\" data-id=\"4ef428b\" data-element_type=\"widget\" data-widget_type=\"text-editor.default\">\n\t\t\t\t<div class=\"elementor-widget-container\">\n\t\t\t\t\t\t\t\t\t<p>We provide restructuring services by accurately identifying the issue, applying our knowledge and experience from similar projects, and utilizing a comprehensive approach to find a solution. We prepare accompanying documentation with a clear action and financial plan and offer support in negotiations with suppliers, financial institutions, and other creditors.<\/p>\t\t\t\t\t\t\t\t<\/div>\n\t\t\t\t<\/div>\n\t\t\t\t\t<\/div>\n\t\t\t\t<\/div>\n\t\t<div class=\"elementor-element elementor-element-6016095 e-flex e-con-boxed e-con e-parent\" data-id=\"6016095\" data-element_type=\"container\">\n\t\t\t\t\t<div class=\"e-con-inner\">\n\t\t\t\t<div class=\"elementor-element elementor-element-9b846b7 elementor-align-center elementor-widget elementor-widget-button\" data-id=\"9b846b7\" data-element_type=\"widget\" data-widget_type=\"button.default\">\n\t\t\t\t<div class=\"elementor-widget-container\">\n\t\t\t\t\t\t\t\t\t<div class=\"elementor-button-wrapper\">\n\t\t\t\t\t<a class=\"elementor-button elementor-button-link elementor-size-sm\" href=\"https:\/\/acf.hr\/en\/kontakt\/\">\n\t\t\t\t\t\t<span class=\"elementor-button-content-wrapper\">\n\t\t\t\t\t\t\t\t\t<span class=\"elementor-button-text\">Contact us<\/span>\n\t\t\t\t\t<\/span>\n\t\t\t\t\t<\/a>\n\t\t\t\t<\/div>\n\t\t\t\t\t\t\t\t<\/div>\n\t\t\t\t<\/div>\n\t\t\t\t\t<\/div>\n\t\t\t\t<\/div>\n\t\t\t\t<\/div>","protected":false},"excerpt":{"rendered":"<p>Restrukturiranje Restrukturiranje Suo\u010davanje s nekim od pote\u0161ko\u0107a u poslovanju zahtjeva operativno i\/ili financijsko restrukturiranje. Nekoliko je mogu\u0107ih uzroka poteko\u0107a u poslovanju, a naj\u010de\u0161\u0107e su to: Problemi s likvidno\u0161\u0107u &#8211; Problemi s likvidno\u0161\u0107u pojednostavljeno mogu proiza\u0107i iz neadekvatne strukture bilance, neadekvatne kvalitete kratkoro\u010dne imovine ili zbog operativne neefikasnosti gdje je nelikvidnost tek posljedica dubljeg problema u [&hellip;]<\/p>","protected":false},"author":1,"featured_media":0,"parent":0,"menu_order":0,"comment_status":"closed","ping_status":"closed","template":"","meta":{"footnotes":""},"class_list":["post-21","page","type-page","status-publish","hentry"],"yoast_head":"<!-- This site is optimized with the Yoast SEO plugin v26.9 - https:\/\/yoast.com\/product\/yoast-seo-wordpress\/ -->\n<title>Restrukturiranje - ACF Savjetovanje<\/title>\n<meta name=\"robots\" content=\"index, follow, max-snippet:-1, max-image-preview:large, max-video-preview:-1\" \/>\n<link rel=\"canonical\" href=\"https:\/\/acf.hr\/en\/restrukturiranje\/\" \/>\n<meta property=\"og:locale\" content=\"en_US\" \/>\n<meta property=\"og:type\" content=\"article\" \/>\n<meta property=\"og:title\" content=\"Restrukturiranje - ACF Savjetovanje\" \/>\n<meta property=\"og:description\" content=\"Restrukturiranje Restrukturiranje Suo\u010davanje s nekim od pote\u0161ko\u0107a u poslovanju zahtjeva operativno i\/ili financijsko restrukturiranje. Nekoliko je mogu\u0107ih uzroka poteko\u0107a u poslovanju, a naj\u010de\u0161\u0107e su to: Problemi s likvidno\u0161\u0107u &#8211; Problemi s likvidno\u0161\u0107u pojednostavljeno mogu proiza\u0107i iz neadekvatne strukture bilance, neadekvatne kvalitete kratkoro\u010dne imovine ili zbog operativne neefikasnosti gdje je nelikvidnost tek posljedica dubljeg problema u [&hellip;]\" \/>\n<meta property=\"og:url\" content=\"https:\/\/acf.hr\/en\/restrukturiranje\/\" \/>\n<meta property=\"og:site_name\" content=\"ACF Savjetovanje\" \/>\n<meta property=\"article:modified_time\" content=\"2023-11-17T13:44:25+00:00\" \/>\n<meta name=\"twitter:card\" content=\"summary_large_image\" \/>\n<meta name=\"twitter:label1\" content=\"Est. reading time\" \/>\n\t<meta name=\"twitter:data1\" content=\"2 minutes\" \/>\n<script type=\"application\/ld+json\" class=\"yoast-schema-graph\">{\"@context\":\"https:\/\/schema.org\",\"@graph\":[{\"@type\":\"WebPage\",\"@id\":\"https:\/\/acf.hr\/restrukturiranje\/\",\"url\":\"https:\/\/acf.hr\/restrukturiranje\/\",\"name\":\"Restrukturiranje - ACF Savjetovanje\",\"isPartOf\":{\"@id\":\"https:\/\/acf.hr\/#website\"},\"datePublished\":\"2023-07-11T20:09:24+00:00\",\"dateModified\":\"2023-11-17T13:44:25+00:00\",\"breadcrumb\":{\"@id\":\"https:\/\/acf.hr\/restrukturiranje\/#breadcrumb\"},\"inLanguage\":\"en-US\",\"potentialAction\":[{\"@type\":\"ReadAction\",\"target\":[\"https:\/\/acf.hr\/restrukturiranje\/\"]}]},{\"@type\":\"BreadcrumbList\",\"@id\":\"https:\/\/acf.hr\/restrukturiranje\/#breadcrumb\",\"itemListElement\":[{\"@type\":\"ListItem\",\"position\":1,\"name\":\"Home\",\"item\":\"https:\/\/acf.hr\/\"},{\"@type\":\"ListItem\",\"position\":2,\"name\":\"Restrukturiranje\"}]},{\"@type\":\"WebSite\",\"@id\":\"https:\/\/acf.hr\/#website\",\"url\":\"https:\/\/acf.hr\/\",\"name\":\"ACF Savjetovanje\",\"description\":\"ACF Savjetovanje\",\"publisher\":{\"@id\":\"https:\/\/acf.hr\/#organization\"},\"potentialAction\":[{\"@type\":\"SearchAction\",\"target\":{\"@type\":\"EntryPoint\",\"urlTemplate\":\"https:\/\/acf.hr\/?s={search_term_string}\"},\"query-input\":{\"@type\":\"PropertyValueSpecification\",\"valueRequired\":true,\"valueName\":\"search_term_string\"}}],\"inLanguage\":\"en-US\"},{\"@type\":\"Organization\",\"@id\":\"https:\/\/acf.hr\/#organization\",\"name\":\"ACF Savjetovanje\",\"url\":\"https:\/\/acf.hr\/\",\"logo\":{\"@type\":\"ImageObject\",\"inLanguage\":\"en-US\",\"@id\":\"https:\/\/acf.hr\/#\/schema\/logo\/image\/\",\"url\":\"https:\/\/acf.hr\/wp-content\/uploads\/2023\/07\/acf.logo_.transparent-300x197-1.png\",\"contentUrl\":\"https:\/\/acf.hr\/wp-content\/uploads\/2023\/07\/acf.logo_.transparent-300x197-1.png\",\"width\":300,\"height\":105,\"caption\":\"ACF Savjetovanje\"},\"image\":{\"@id\":\"https:\/\/acf.hr\/#\/schema\/logo\/image\/\"}}]}<\/script>\n<!-- \/ Yoast SEO plugin. -->","yoast_head_json":{"title":"Restrukturiranje - ACF Savjetovanje","robots":{"index":"index","follow":"follow","max-snippet":"max-snippet:-1","max-image-preview":"max-image-preview:large","max-video-preview":"max-video-preview:-1"},"canonical":"https:\/\/acf.hr\/en\/restrukturiranje\/","og_locale":"en_US","og_type":"article","og_title":"Restrukturiranje - ACF Savjetovanje","og_description":"Restrukturiranje Restrukturiranje Suo\u010davanje s nekim od pote\u0161ko\u0107a u poslovanju zahtjeva operativno i\/ili financijsko restrukturiranje. Nekoliko je mogu\u0107ih uzroka poteko\u0107a u poslovanju, a naj\u010de\u0161\u0107e su to: Problemi s likvidno\u0161\u0107u &#8211; Problemi s likvidno\u0161\u0107u pojednostavljeno mogu proiza\u0107i iz neadekvatne strukture bilance, neadekvatne kvalitete kratkoro\u010dne imovine ili zbog operativne neefikasnosti gdje je nelikvidnost tek posljedica dubljeg problema u [&hellip;]","og_url":"https:\/\/acf.hr\/en\/restrukturiranje\/","og_site_name":"ACF Savjetovanje","article_modified_time":"2023-11-17T13:44:25+00:00","twitter_card":"summary_large_image","twitter_misc":{"Est. reading time":"2 minutes"},"schema":{"@context":"https:\/\/schema.org","@graph":[{"@type":"WebPage","@id":"https:\/\/acf.hr\/restrukturiranje\/","url":"https:\/\/acf.hr\/restrukturiranje\/","name":"Restrukturiranje - ACF Savjetovanje","isPartOf":{"@id":"https:\/\/acf.hr\/#website"},"datePublished":"2023-07-11T20:09:24+00:00","dateModified":"2023-11-17T13:44:25+00:00","breadcrumb":{"@id":"https:\/\/acf.hr\/restrukturiranje\/#breadcrumb"},"inLanguage":"en-US","potentialAction":[{"@type":"ReadAction","target":["https:\/\/acf.hr\/restrukturiranje\/"]}]},{"@type":"BreadcrumbList","@id":"https:\/\/acf.hr\/restrukturiranje\/#breadcrumb","itemListElement":[{"@type":"ListItem","position":1,"name":"Home","item":"https:\/\/acf.hr\/"},{"@type":"ListItem","position":2,"name":"Restrukturiranje"}]},{"@type":"WebSite","@id":"https:\/\/acf.hr\/#website","url":"https:\/\/acf.hr\/","name":"ACF Savjetovanje","description":"ACF Savjetovanje","publisher":{"@id":"https:\/\/acf.hr\/#organization"},"potentialAction":[{"@type":"SearchAction","target":{"@type":"EntryPoint","urlTemplate":"https:\/\/acf.hr\/?s={search_term_string}"},"query-input":{"@type":"PropertyValueSpecification","valueRequired":true,"valueName":"search_term_string"}}],"inLanguage":"en-US"},{"@type":"Organization","@id":"https:\/\/acf.hr\/#organization","name":"ACF Savjetovanje","url":"https:\/\/acf.hr\/","logo":{"@type":"ImageObject","inLanguage":"en-US","@id":"https:\/\/acf.hr\/#\/schema\/logo\/image\/","url":"https:\/\/acf.hr\/wp-content\/uploads\/2023\/07\/acf.logo_.transparent-300x197-1.png","contentUrl":"https:\/\/acf.hr\/wp-content\/uploads\/2023\/07\/acf.logo_.transparent-300x197-1.png","width":300,"height":105,"caption":"ACF Savjetovanje"},"image":{"@id":"https:\/\/acf.hr\/#\/schema\/logo\/image\/"}}]}},"_links":{"self":[{"href":"https:\/\/acf.hr\/en\/wp-json\/wp\/v2\/pages\/21","targetHints":{"allow":["GET"]}}],"collection":[{"href":"https:\/\/acf.hr\/en\/wp-json\/wp\/v2\/pages"}],"about":[{"href":"https:\/\/acf.hr\/en\/wp-json\/wp\/v2\/types\/page"}],"author":[{"embeddable":true,"href":"https:\/\/acf.hr\/en\/wp-json\/wp\/v2\/users\/1"}],"replies":[{"embeddable":true,"href":"https:\/\/acf.hr\/en\/wp-json\/wp\/v2\/comments?post=21"}],"version-history":[{"count":89,"href":"https:\/\/acf.hr\/en\/wp-json\/wp\/v2\/pages\/21\/revisions"}],"predecessor-version":[{"id":809,"href":"https:\/\/acf.hr\/en\/wp-json\/wp\/v2\/pages\/21\/revisions\/809"}],"wp:attachment":[{"href":"https:\/\/acf.hr\/en\/wp-json\/wp\/v2\/media?parent=21"}],"curies":[{"name":"wp","href":"https:\/\/api.w.org\/{rel}","templated":true}]}}