{"id":27,"date":"2023-07-11T20:10:16","date_gmt":"2023-07-11T20:10:16","guid":{"rendered":"https:\/\/acf.hr\/?page_id=27"},"modified":"2025-11-05T07:12:37","modified_gmt":"2025-11-05T07:12:37","slug":"kontakt","status":"publish","type":"page","link":"https:\/\/acf.hr\/en\/kontakt\/","title":{"rendered":"Contact"},"content":{"rendered":"<div data-elementor-type=\"wp-page\" data-elementor-id=\"27\" class=\"elementor elementor-27\" data-elementor-post-type=\"page\">\n\t\t\t\t<div class=\"elementor-element elementor-element-cc2b8e9 e-flex e-con-boxed e-con e-parent\" data-id=\"cc2b8e9\" data-element_type=\"container\" data-settings=\"{&quot;background_background&quot;:&quot;classic&quot;}\">\n\t\t\t\t\t<div class=\"e-con-inner\">\n\t\t<div class=\"elementor-element elementor-element-6cf7616 e-con-full e-flex e-con e-child\" data-id=\"6cf7616\" data-element_type=\"container\">\n\t\t<div class=\"elementor-element elementor-element-15de47b e-con-full e-flex e-con e-child\" data-id=\"15de47b\" data-element_type=\"container\">\n\t\t\t\t<div class=\"elementor-element elementor-element-cfb4c78 elementor-view-default elementor-widget elementor-widget-icon\" data-id=\"cfb4c78\" data-element_type=\"widget\" data-widget_type=\"icon.default\">\n\t\t\t\t<div class=\"elementor-widget-container\">\n\t\t\t\t\t\t\t<div class=\"elementor-icon-wrapper\">\n\t\t\t<div class=\"elementor-icon\">\n\t\t\t<i aria-hidden=\"true\" class=\"fas fa-envelope\"><\/i>\t\t\t<\/div>\n\t\t<\/div>\n\t\t\t\t\t\t<\/div>\n\t\t\t\t<\/div>\n\t\t\t\t<div class=\"elementor-element elementor-element-95432ec elementor-view-default elementor-widget elementor-widget-icon\" data-id=\"95432ec\" data-element_type=\"widget\" data-widget_type=\"icon.default\">\n\t\t\t\t<div class=\"elementor-widget-container\">\n\t\t\t\t\t\t\t<div class=\"elementor-icon-wrapper\">\n\t\t\t<div class=\"elementor-icon\">\n\t\t\t<i aria-hidden=\"true\" class=\"fas fa-home\"><\/i>\t\t\t<\/div>\n\t\t<\/div>\n\t\t\t\t\t\t<\/div>\n\t\t\t\t<\/div>\n\t\t\t\t<div class=\"elementor-element elementor-element-3c36747 elementor-view-default elementor-widget elementor-widget-icon\" data-id=\"3c36747\" data-element_type=\"widget\" data-widget_type=\"icon.default\">\n\t\t\t\t<div class=\"elementor-widget-container\">\n\t\t\t\t\t\t\t<div class=\"elementor-icon-wrapper\">\n\t\t\t<div class=\"elementor-icon\">\n\t\t\t<i aria-hidden=\"true\" class=\"fas fa-phone-alt\"><\/i>\t\t\t<\/div>\n\t\t<\/div>\n\t\t\t\t\t\t<\/div>\n\t\t\t\t<\/div>\n\t\t\t\t<\/div>\n\t\t<div class=\"elementor-element elementor-element-a6e1f2c e-flex e-con-boxed e-con e-child\" data-id=\"a6e1f2c\" data-element_type=\"container\">\n\t\t\t\t\t<div class=\"e-con-inner\">\n\t\t\t\t<div class=\"elementor-element elementor-element-20fc915 elementor-widget elementor-widget-heading\" data-id=\"20fc915\" data-element_type=\"widget\" data-widget_type=\"heading.default\">\n\t\t\t\t<div class=\"elementor-widget-container\">\n\t\t\t\t\t<h2 class=\"elementor-heading-title elementor-size-default\">vjekoslav@acf.hr<\/h2>\t\t\t\t<\/div>\n\t\t\t\t<\/div>\n\t\t\t\t<div class=\"elementor-element elementor-element-35e8082 elementor-widget elementor-widget-heading\" data-id=\"35e8082\" data-element_type=\"widget\" data-widget_type=\"heading.default\">\n\t\t\t\t<div class=\"elementor-widget-container\">\n\t\t\t\t\t<h2 class=\"elementor-heading-title elementor-size-default\">Sjedi\u0161te dru\u0161tva: \u0160estinski dol 74, Zagreb\n<br>\nAdresa ureda: Ulica Ivana Cankara 15, Zagreb<\/h2>\t\t\t\t<\/div>\n\t\t\t\t<\/div>\n\t\t\t\t<div class=\"elementor-element elementor-element-cf42e36 elementor-widget elementor-widget-heading\" data-id=\"cf42e36\" data-element_type=\"widget\" data-widget_type=\"heading.default\">\n\t\t\t\t<div class=\"elementor-widget-container\">\n\t\t\t\t\t<h2 class=\"elementor-heading-title elementor-size-default\">+385 99 247 1435<\/h2>\t\t\t\t<\/div>\n\t\t\t\t<\/div>\n\t\t\t\t\t<\/div>\n\t\t\t\t<\/div>\n\t\t\t\t<\/div>\n\t\t\t\t\t<\/div>\n\t\t\t\t<\/div>\n\t\t<div class=\"elementor-element elementor-element-b2437b1 e-flex e-con-boxed e-con e-parent\" data-id=\"b2437b1\" data-element_type=\"container\">\n\t\t\t\t\t<div class=\"e-con-inner\">\n\t\t\t\t<div class=\"elementor-element elementor-element-6e7ccd0 elementor-widget elementor-widget-google_maps\" data-id=\"6e7ccd0\" data-element_type=\"widget\" data-widget_type=\"google_maps.default\">\n\t\t\t\t<div class=\"elementor-widget-container\">\n\t\t\t\t\t\t\t<div class=\"elementor-custom-embed\">\n\t\t\t<iframe loading=\"lazy\"\n\t\t\t\t\tsrc=\"https:\/\/maps.google.com\/maps?q=Ulica%20Ivana%20Cankara%2015&#038;t=m&#038;z=15&#038;output=embed&#038;iwloc=near\"\n\t\t\t\t\ttitle=\"Ulica Ivana Cankara 15\"\n\t\t\t\t\taria-label=\"Ulica Ivana Cankara 15\"\n\t\t\t><\/iframe>\n\t\t<\/div>\n\t\t\t\t\t\t<\/div>\n\t\t\t\t<\/div>\n\t\t\t\t\t<\/div>\n\t\t\t\t<\/div>\n\t\t<div class=\"elementor-element elementor-element-7c28e64 e-flex e-con-boxed e-con e-parent\" data-id=\"7c28e64\" data-element_type=\"container\">\n\t\t\t\t\t<div class=\"e-con-inner\">\n\t\t<div class=\"elementor-element elementor-element-0c6077e e-flex e-con-boxed e-con e-child\" data-id=\"0c6077e\" data-element_type=\"container\">\n\t\t\t\t\t<div class=\"e-con-inner\">\n\t\t\t\t<div class=\"elementor-element elementor-element-d956d31 elementor-widget elementor-widget-image\" data-id=\"d956d31\" data-element_type=\"widget\" data-widget_type=\"image.default\">\n\t\t\t\t<div class=\"elementor-widget-container\">\n\t\t\t\t\t\t\t\t\t\t\t\t\t\t\t<img fetchpriority=\"high\" decoding=\"async\" width=\"459\" height=\"350\" src=\"https:\/\/acf.hr\/wp-content\/uploads\/2023\/10\/EU-amblem.jpg\" class=\"attachment-full size-full wp-image-614\" alt=\"EU\" srcset=\"https:\/\/acf.hr\/wp-content\/uploads\/2023\/10\/EU-amblem.jpg 459w, https:\/\/acf.hr\/wp-content\/uploads\/2023\/10\/EU-amblem-300x229.jpg 300w, https:\/\/acf.hr\/wp-content\/uploads\/2023\/10\/EU-amblem-16x12.jpg 16w\" sizes=\"(max-width: 459px) 100vw, 459px\" \/>\t\t\t\t\t\t\t\t\t\t\t\t\t\t\t<\/div>\n\t\t\t\t<\/div>\n\t\t\t\t<div class=\"elementor-element elementor-element-6900803 elementor-widget elementor-widget-image\" data-id=\"6900803\" data-element_type=\"widget\" data-widget_type=\"image.default\">\n\t\t\t\t<div class=\"elementor-widget-container\">\n\t\t\t\t\t\t\t\t\t\t\t\t\t\t\t<img decoding=\"async\" width=\"875\" height=\"437\" src=\"https:\/\/acf.hr\/wp-content\/uploads\/2023\/10\/ESIF-FI-logo-korisnik.jpg\" class=\"attachment-full size-full wp-image-615\" alt=\"\" srcset=\"https:\/\/acf.hr\/wp-content\/uploads\/2023\/10\/ESIF-FI-logo-korisnik.jpg 875w, https:\/\/acf.hr\/wp-content\/uploads\/2023\/10\/ESIF-FI-logo-korisnik-300x150.jpg 300w, https:\/\/acf.hr\/wp-content\/uploads\/2023\/10\/ESIF-FI-logo-korisnik-768x384.jpg 768w, https:\/\/acf.hr\/wp-content\/uploads\/2023\/10\/ESIF-FI-logo-korisnik-18x9.jpg 18w\" sizes=\"(max-width: 875px) 100vw, 875px\" \/>\t\t\t\t\t\t\t\t\t\t\t\t\t\t\t<\/div>\n\t\t\t\t<\/div>\n\t\t\t\t\t<\/div>\n\t\t\t\t<\/div>\n\t\t\t\t\t<\/div>\n\t\t\t\t<\/div>\n\t\t\t\t<\/div>","protected":false},"excerpt":{"rendered":"<p>vjekoslav@acf.hr Sjedi\u0161te dru\u0161tva: \u0160estinski dol 74, Zagreb Adresa ureda: Ulica Ivana Cankara 15, Zagreb +385 99 247 1435<\/p>","protected":false},"author":1,"featured_media":0,"parent":0,"menu_order":0,"comment_status":"closed","ping_status":"closed","template":"","meta":{"footnotes":""},"class_list":["post-27","page","type-page","status-publish","hentry"],"yoast_head":"<!-- This site is optimized with the Yoast SEO plugin v26.9 - https:\/\/yoast.com\/product\/yoast-seo-wordpress\/ -->\n<title>Kontakt - ACF Savjetovanje<\/title>\n<meta name=\"robots\" content=\"index, follow, max-snippet:-1, max-image-preview:large, max-video-preview:-1\" \/>\n<link rel=\"canonical\" href=\"https:\/\/acf.hr\/en\/kontakt\/\" \/>\n<meta property=\"og:locale\" content=\"en_US\" \/>\n<meta property=\"og:type\" content=\"article\" \/>\n<meta property=\"og:title\" content=\"Kontakt - ACF Savjetovanje\" \/>\n<meta property=\"og:description\" content=\"vjekoslav@acf.hr Sjedi\u0161te dru\u0161tva: \u0160estinski dol 74, Zagreb Adresa ureda: Ulica Ivana Cankara 15, Zagreb +385 99 247 1435\" \/>\n<meta property=\"og:url\" content=\"https:\/\/acf.hr\/en\/kontakt\/\" \/>\n<meta property=\"og:site_name\" content=\"ACF Savjetovanje\" \/>\n<meta property=\"article:modified_time\" content=\"2025-11-05T07:12:37+00:00\" \/>\n<meta property=\"og:image\" content=\"https:\/\/acf.hr\/wp-content\/uploads\/2023\/10\/EU-amblem.jpg\" \/>\n\t<meta property=\"og:image:width\" content=\"459\" \/>\n\t<meta property=\"og:image:height\" content=\"350\" \/>\n\t<meta property=\"og:image:type\" content=\"image\/jpeg\" \/>\n<meta name=\"twitter:card\" content=\"summary_large_image\" \/>\n<meta name=\"twitter:label1\" content=\"Est. reading time\" \/>\n\t<meta name=\"twitter:data1\" content=\"1 minute\" \/>\n<script type=\"application\/ld+json\" class=\"yoast-schema-graph\">{\"@context\":\"https:\/\/schema.org\",\"@graph\":[{\"@type\":\"WebPage\",\"@id\":\"https:\/\/acf.hr\/kontakt\/\",\"url\":\"https:\/\/acf.hr\/kontakt\/\",\"name\":\"Kontakt - ACF Savjetovanje\",\"isPartOf\":{\"@id\":\"https:\/\/acf.hr\/#website\"},\"primaryImageOfPage\":{\"@id\":\"https:\/\/acf.hr\/kontakt\/#primaryimage\"},\"image\":{\"@id\":\"https:\/\/acf.hr\/kontakt\/#primaryimage\"},\"thumbnailUrl\":\"https:\/\/acf.hr\/wp-content\/uploads\/2023\/10\/EU-amblem.jpg\",\"datePublished\":\"2023-07-11T20:10:16+00:00\",\"dateModified\":\"2025-11-05T07:12:37+00:00\",\"breadcrumb\":{\"@id\":\"https:\/\/acf.hr\/kontakt\/#breadcrumb\"},\"inLanguage\":\"en-US\",\"potentialAction\":[{\"@type\":\"ReadAction\",\"target\":[\"https:\/\/acf.hr\/kontakt\/\"]}]},{\"@type\":\"ImageObject\",\"inLanguage\":\"en-US\",\"@id\":\"https:\/\/acf.hr\/kontakt\/#primaryimage\",\"url\":\"https:\/\/acf.hr\/wp-content\/uploads\/2023\/10\/EU-amblem.jpg\",\"contentUrl\":\"https:\/\/acf.hr\/wp-content\/uploads\/2023\/10\/EU-amblem.jpg\"},{\"@type\":\"BreadcrumbList\",\"@id\":\"https:\/\/acf.hr\/kontakt\/#breadcrumb\",\"itemListElement\":[{\"@type\":\"ListItem\",\"position\":1,\"name\":\"Home\",\"item\":\"https:\/\/acf.hr\/\"},{\"@type\":\"ListItem\",\"position\":2,\"name\":\"Kontakt\"}]},{\"@type\":\"WebSite\",\"@id\":\"https:\/\/acf.hr\/#website\",\"url\":\"https:\/\/acf.hr\/\",\"name\":\"ACF Savjetovanje\",\"description\":\"ACF Savjetovanje\",\"publisher\":{\"@id\":\"https:\/\/acf.hr\/#organization\"},\"potentialAction\":[{\"@type\":\"SearchAction\",\"target\":{\"@type\":\"EntryPoint\",\"urlTemplate\":\"https:\/\/acf.hr\/?s={search_term_string}\"},\"query-input\":{\"@type\":\"PropertyValueSpecification\",\"valueRequired\":true,\"valueName\":\"search_term_string\"}}],\"inLanguage\":\"en-US\"},{\"@type\":\"Organization\",\"@id\":\"https:\/\/acf.hr\/#organization\",\"name\":\"ACF Savjetovanje\",\"url\":\"https:\/\/acf.hr\/\",\"logo\":{\"@type\":\"ImageObject\",\"inLanguage\":\"en-US\",\"@id\":\"https:\/\/acf.hr\/#\/schema\/logo\/image\/\",\"url\":\"https:\/\/acf.hr\/wp-content\/uploads\/2023\/07\/acf.logo_.transparent-300x197-1.png\",\"contentUrl\":\"https:\/\/acf.hr\/wp-content\/uploads\/2023\/07\/acf.logo_.transparent-300x197-1.png\",\"width\":300,\"height\":105,\"caption\":\"ACF Savjetovanje\"},\"image\":{\"@id\":\"https:\/\/acf.hr\/#\/schema\/logo\/image\/\"}}]}<\/script>\n<!-- \/ Yoast SEO plugin. -->","yoast_head_json":{"title":"Kontakt - ACF Savjetovanje","robots":{"index":"index","follow":"follow","max-snippet":"max-snippet:-1","max-image-preview":"max-image-preview:large","max-video-preview":"max-video-preview:-1"},"canonical":"https:\/\/acf.hr\/en\/kontakt\/","og_locale":"en_US","og_type":"article","og_title":"Kontakt - ACF Savjetovanje","og_description":"vjekoslav@acf.hr Sjedi\u0161te dru\u0161tva: \u0160estinski dol 74, Zagreb Adresa ureda: Ulica Ivana Cankara 15, Zagreb +385 99 247 1435","og_url":"https:\/\/acf.hr\/en\/kontakt\/","og_site_name":"ACF Savjetovanje","article_modified_time":"2025-11-05T07:12:37+00:00","og_image":[{"width":459,"height":350,"url":"https:\/\/acf.hr\/wp-content\/uploads\/2023\/10\/EU-amblem.jpg","type":"image\/jpeg"}],"twitter_card":"summary_large_image","twitter_misc":{"Est. reading time":"1 minute"},"schema":{"@context":"https:\/\/schema.org","@graph":[{"@type":"WebPage","@id":"https:\/\/acf.hr\/kontakt\/","url":"https:\/\/acf.hr\/kontakt\/","name":"Kontakt - ACF Savjetovanje","isPartOf":{"@id":"https:\/\/acf.hr\/#website"},"primaryImageOfPage":{"@id":"https:\/\/acf.hr\/kontakt\/#primaryimage"},"image":{"@id":"https:\/\/acf.hr\/kontakt\/#primaryimage"},"thumbnailUrl":"https:\/\/acf.hr\/wp-content\/uploads\/2023\/10\/EU-amblem.jpg","datePublished":"2023-07-11T20:10:16+00:00","dateModified":"2025-11-05T07:12:37+00:00","breadcrumb":{"@id":"https:\/\/acf.hr\/kontakt\/#breadcrumb"},"inLanguage":"en-US","potentialAction":[{"@type":"ReadAction","target":["https:\/\/acf.hr\/kontakt\/"]}]},{"@type":"ImageObject","inLanguage":"en-US","@id":"https:\/\/acf.hr\/kontakt\/#primaryimage","url":"https:\/\/acf.hr\/wp-content\/uploads\/2023\/10\/EU-amblem.jpg","contentUrl":"https:\/\/acf.hr\/wp-content\/uploads\/2023\/10\/EU-amblem.jpg"},{"@type":"BreadcrumbList","@id":"https:\/\/acf.hr\/kontakt\/#breadcrumb","itemListElement":[{"@type":"ListItem","position":1,"name":"Home","item":"https:\/\/acf.hr\/"},{"@type":"ListItem","position":2,"name":"Kontakt"}]},{"@type":"WebSite","@id":"https:\/\/acf.hr\/#website","url":"https:\/\/acf.hr\/","name":"ACF Savjetovanje","description":"ACF Savjetovanje","publisher":{"@id":"https:\/\/acf.hr\/#organization"},"potentialAction":[{"@type":"SearchAction","target":{"@type":"EntryPoint","urlTemplate":"https:\/\/acf.hr\/?s={search_term_string}"},"query-input":{"@type":"PropertyValueSpecification","valueRequired":true,"valueName":"search_term_string"}}],"inLanguage":"en-US"},{"@type":"Organization","@id":"https:\/\/acf.hr\/#organization","name":"ACF Savjetovanje","url":"https:\/\/acf.hr\/","logo":{"@type":"ImageObject","inLanguage":"en-US","@id":"https:\/\/acf.hr\/#\/schema\/logo\/image\/","url":"https:\/\/acf.hr\/wp-content\/uploads\/2023\/07\/acf.logo_.transparent-300x197-1.png","contentUrl":"https:\/\/acf.hr\/wp-content\/uploads\/2023\/07\/acf.logo_.transparent-300x197-1.png","width":300,"height":105,"caption":"ACF Savjetovanje"},"image":{"@id":"https:\/\/acf.hr\/#\/schema\/logo\/image\/"}}]}},"_links":{"self":[{"href":"https:\/\/acf.hr\/en\/wp-json\/wp\/v2\/pages\/27","targetHints":{"allow":["GET"]}}],"collection":[{"href":"https:\/\/acf.hr\/en\/wp-json\/wp\/v2\/pages"}],"about":[{"href":"https:\/\/acf.hr\/en\/wp-json\/wp\/v2\/types\/page"}],"author":[{"embeddable":true,"href":"https:\/\/acf.hr\/en\/wp-json\/wp\/v2\/users\/1"}],"replies":[{"embeddable":true,"href":"https:\/\/acf.hr\/en\/wp-json\/wp\/v2\/comments?post=27"}],"version-history":[{"count":61,"href":"https:\/\/acf.hr\/en\/wp-json\/wp\/v2\/pages\/27\/revisions"}],"predecessor-version":[{"id":864,"href":"https:\/\/acf.hr\/en\/wp-json\/wp\/v2\/pages\/27\/revisions\/864"}],"wp:attachment":[{"href":"https:\/\/acf.hr\/en\/wp-json\/wp\/v2\/media?parent=27"}],"curies":[{"name":"wp","href":"https:\/\/api.w.org\/{rel}","templated":true}]}}